{"id":16,"date":"2021-08-11T09:15:41","date_gmt":"2021-08-11T09:15:41","guid":{"rendered":"https:\/\/news.marquis-magazine.com\/?page_id=16"},"modified":"2021-08-19T09:55:23","modified_gmt":"2021-08-19T09:55:23","slug":"models","status":"publish","type":"page","link":"https:\/\/news.marquis-magazine.com\/de\/models","title":{"rendered":"Catwalk for Marquis?"},"content":{"rendered":"<div class=\"wp-block-columns is-layout-flex wp-container-core-columns-is-layout-9d6595d7 wp-block-columns-is-layout-flex\">\n<div class=\"wp-block-column is-layout-flow wp-block-column-is-layout-flow\" style=\"flex-basis:100%\"><\/div>\n<\/div>\n\n\n\n<p><\/p>\n\n\n\n<p><\/p>\n\n\n\n<p><\/p>\n\n\n\n<p><\/p>\n\n\n\n<p>Du hast Erfahrung als Model, pr\u00e4sentierst Dich gerne, gehst sicher auf den h\u00f6chsten Heels und genie\u00dft es im Rampenlicht zu stehen? Dann suchen wir genau Dich!<\/p>\n\n\n\n<p>Komm in unseren Model Pool und laufe f\u00fcrs Marquis Magazine auf den Laufstegen unserer n\u00e4chsten Veranstaltungen! <\/p>\n\n\n\n<p>Aktuell suchen wir Models f\u00fcr unsere n\u00e4chste geplante Veranstaltung, die Passion Bizarre in Hamburg, welche parallel zur Passion Messe stattfinden wird. Aber wir lieben die langfristige Zusammenarbeit mit Dir! <\/p>\n\n\n\n<p>Daher registriere Dich hier. Damit best\u00e4tigst Du, dass Du 18 Jahre alt bist, Latex, Fetisch und ggf. BDSM kein Problem sondern Spa\u00df f\u00fcr Dich sind. Und Du solltest auf jeden Fall gerne in den hei\u00dfesten Outfits des Jahres auf der B\u00fchne stehen wollen&#8230; \ud83d\ude09<\/p>\n\n\n\n<p>Sende uns bitte mit einem Klick auf den &#8220;Marquis Model Pool&#8221; Link folgende Angaben von Dir:<\/p>\n\n\n\n<ul class=\"wp-block-list\"><li>Deinen Modelnamen<\/li><li>Deinen b\u00fcrgerlichen Namen<\/li><li>Deine Adresse<\/li><li>Deine Kontaktdaten (Telefon, Mail, Homepage)<\/li><li>Deine Fremdsprachenkentnisse bzw. Muttersprache<\/li><li>Dein Massblatt (am besten komplett, jedoch unbedingt K\u00f6rpergr\u00f6sse, Brust-, Taille-, H\u00fcft-, Hals-, und Kopfumfang)<\/li><li>Deine Konfektionsgr\u00f6\u00dfe<\/li><li>Deine Social Media Profile (inkl. Benutzernamen)<\/li><li>3-5 aktuelle hochaufgel\u00f6ste professionelle Fotografenfotos von Dir (bitte keine Selfies)<\/li><li>Deine bisherigen Modelerfahrungen, gerne mit Nennung von Veranstaltungen oder Designern f\u00fcr die Du gearbeitet hast<\/li><\/ul>\n\n\n\n<p><\/p>\n\n\n\n<p><\/p>\n\n\n\n<p><\/p>\n\n\n\n<p><\/p>\n\n\n\n<p>You have experience as a model, like to present yourself, go safely on the highest heels and enjoy being in the spotlight? Then we are looking for you!<\/p>\n\n\n\n<p>Come to our model pool and walk the catwalks of our next events for Marquis Magazine!<\/p>\n\n\n\n<p>We are currently looking for models for our next planned event, the Passion Bizarre in Hamburg, which will take place parallel to the Passion Fair. But we love the long-term cooperation with you!<\/p>\n\n\n\n<p>Therefore, register here. With this you confirm that you are 18 years old, latex, fetish and possibly BDSM are not a problem but fun for you. And you should definitely like to be on stage in the hottest outfits of the year &#8230; \ud83d\ude09<\/p>\n\n\n\n<p>By clicking on the &#8220;Marquis Model Pool&#8221; link, please send us the following information from you:<\/p>\n\n\n\n<p><\/p>\n\n\n\n<div class=\"wp-block-columns is-layout-flex wp-container-core-columns-is-layout-9d6595d7 wp-block-columns-is-layout-flex\">\n<div class=\"wp-block-column is-layout-flow wp-block-column-is-layout-flow\" style=\"flex-basis:100%\">\n<div class=\"wp-block-group\"><div class=\"wp-block-group__inner-container is-layout-flow wp-block-group-is-layout-flow\">\n<ul class=\"wp-block-list\"><li>Your model name<\/li><li>Your real name<\/li><li>Your address<\/li><li>Your contact details (telephone, mail, homepage)<\/li><li>Your foreign language skills or mother tongue<\/li><li>Your measurement sheet (preferably complete, but necessarily body size, chest, waist, hip, neck, and head circumference)<\/li><li>Your clothing size<\/li><li>Your social media profiles (incl. user names)<\/li><li>3-5 current high-resolution professional photographer photos of you (no selfies please)&#8217;<\/li><li>Your previous modeling experiences, preferably with mention of events or designers for which you have worked <\/li><\/ul>\n<\/div><\/div>\n<\/div>\n<\/div>\n\n\n\n<p><\/p>\n\n\n\n<p class=\"has-text-align-center\"><a href=\"mailto:yvonne@marquis-magazine.com\">Marquis Model Pool<\/a><\/p>\n\n\n\n<p><\/p>\n\n\n\n<p>Wir freuen uns sehr Dich in unsren Model Pool aufzunehmen und vielleicht sehen wir uns ja schon bald auf der n\u00e4chsten Veranstaltungsb\u00fchne&#8230; \ud83d\ude09<\/p>\n\n\n\n<p>We are very happy to welcome you into our model pool and maybe we will see you soon on the next event stage\u2026 \ud83d\ude09<\/p>\n\n\n\n<p><\/p>\n\n\n\n<p>Gr\u00fcsse vom Team des Marquis Magazine<\/p>\n\n\n\n<p>Greetings from Marquis Magazine Team<\/p>\n\n\n\n<p><\/p>\n\n\n\n<p><\/p>\n\n\n\n<figure class=\"wp-block-image is-resized\"><img loading=\"lazy\" decoding=\"async\" src=\"http:\/\/news.marquis-magazine.com\/wp-content\/uploads\/2021\/07\/k-744x1024.jpg\" alt=\"\" class=\"wp-image-18\" width=\"891\" height=\"1226\" srcset=\"https:\/\/news.marquis-magazine.com\/wp-content\/uploads\/2021\/07\/k-744x1024.jpg 744w, https:\/\/news.marquis-magazine.com\/wp-content\/uploads\/2021\/07\/k-218x300.jpg 218w, https:\/\/news.marquis-magazine.com\/wp-content\/uploads\/2021\/07\/k-768x1057.jpg 768w, https:\/\/news.marquis-magazine.com\/wp-content\/uploads\/2021\/07\/k-9x12.jpg 9w, https:\/\/news.marquis-magazine.com\/wp-content\/uploads\/2021\/07\/k.jpg 1080w\" sizes=\"auto, (max-width: 891px) 100vw, 891px\" \/><\/figure>\n\n\n\n<figure class=\"wp-block-image size-full is-resized\"><img loading=\"lazy\" decoding=\"async\" src=\"http:\/\/news.marquis-magazine.com\/wp-content\/uploads\/2021\/08\/Passion-Logo-4c-2.png\" alt=\"\" class=\"wp-image-47\" width=\"891\" height=\"451\" srcset=\"https:\/\/news.marquis-magazine.com\/wp-content\/uploads\/2021\/08\/Passion-Logo-4c-2.png 797w, https:\/\/news.marquis-magazine.com\/wp-content\/uploads\/2021\/08\/Passion-Logo-4c-2-300x152.png 300w, https:\/\/news.marquis-magazine.com\/wp-content\/uploads\/2021\/08\/Passion-Logo-4c-2-768x388.png 768w, https:\/\/news.marquis-magazine.com\/wp-content\/uploads\/2021\/08\/Passion-Logo-4c-2-18x9.png 18w\" sizes=\"auto, (max-width: 891px) 100vw, 891px\" \/><\/figure>\n\n\n\n<figure class=\"wp-block-gallery columns-1 is-cropped wp-block-gallery-1 is-layout-flex wp-block-gallery-is-layout-flex\"><ul class=\"blocks-gallery-grid\"><li class=\"blocks-gallery-item\"><figure><img loading=\"lazy\" decoding=\"async\" width=\"1024\" height=\"795\" src=\"http:\/\/news.marquis-magazine.com\/wp-content\/uploads\/2021\/08\/Logo-PassionBizarre-pos-fbg-1024x795.png\" alt=\"\" data-id=\"61\" data-full-url=\"http:\/\/news.marquis-magazine.com\/wp-content\/uploads\/2021\/08\/Logo-PassionBizarre-pos-fbg.png\" data-link=\"http:\/\/news.marquis-magazine.com\/models\/logo-passionbizarre-pos-fbg\" class=\"wp-image-61\" srcset=\"https:\/\/news.marquis-magazine.com\/wp-content\/uploads\/2021\/08\/Logo-PassionBizarre-pos-fbg-1024x795.png 1024w, https:\/\/news.marquis-magazine.com\/wp-content\/uploads\/2021\/08\/Logo-PassionBizarre-pos-fbg-300x233.png 300w, https:\/\/news.marquis-magazine.com\/wp-content\/uploads\/2021\/08\/Logo-PassionBizarre-pos-fbg-768x596.png 768w, https:\/\/news.marquis-magazine.com\/wp-content\/uploads\/2021\/08\/Logo-PassionBizarre-pos-fbg-1536x1193.png 1536w, https:\/\/news.marquis-magazine.com\/wp-content\/uploads\/2021\/08\/Logo-PassionBizarre-pos-fbg-2048x1591.png 2048w, https:\/\/news.marquis-magazine.com\/wp-content\/uploads\/2021\/08\/Logo-PassionBizarre-pos-fbg-15x12.png 15w\" sizes=\"auto, (max-width: 1024px) 100vw, 1024px\" \/><\/figure><\/li><\/ul><\/figure>","protected":false},"excerpt":{"rendered":"<p>Du hast Erfahrung als Model, pr\u00e4sentierst Dich gerne, gehst sicher auf den h\u00f6chsten Heels und genie\u00dft es im Rampenlicht zu stehen? Dann suchen wir genau Dich! Komm in unseren Model Pool und laufe f\u00fcrs Marquis Magazine auf den Laufstegen unserer n\u00e4chsten Veranstaltungen! Aktuell suchen wir Models f\u00fcr unsere n\u00e4chste geplante Veranstaltung, die Passion Bizarre in [&hellip;]<\/p>\n","protected":false},"author":3,"featured_media":0,"parent":0,"menu_order":0,"comment_status":"closed","ping_status":"closed","template":"","meta":{"footnotes":""},"class_list":["post-16","page","type-page","status-publish","hentry"],"_links":{"self":[{"href":"https:\/\/news.marquis-magazine.com\/de\/wp-json\/wp\/v2\/pages\/16","targetHints":{"allow":["GET"]}}],"collection":[{"href":"https:\/\/news.marquis-magazine.com\/de\/wp-json\/wp\/v2\/pages"}],"about":[{"href":"https:\/\/news.marquis-magazine.com\/de\/wp-json\/wp\/v2\/types\/page"}],"author":[{"embeddable":true,"href":"https:\/\/news.marquis-magazine.com\/de\/wp-json\/wp\/v2\/users\/3"}],"replies":[{"embeddable":true,"href":"https:\/\/news.marquis-magazine.com\/de\/wp-json\/wp\/v2\/comments?post=16"}],"version-history":[{"count":29,"href":"https:\/\/news.marquis-magazine.com\/de\/wp-json\/wp\/v2\/pages\/16\/revisions"}],"predecessor-version":[{"id":62,"href":"https:\/\/news.marquis-magazine.com\/de\/wp-json\/wp\/v2\/pages\/16\/revisions\/62"}],"wp:attachment":[{"href":"https:\/\/news.marquis-magazine.com\/de\/wp-json\/wp\/v2\/media?parent=16"}],"curies":[{"name":"wp","href":"https:\/\/api.w.org\/{rel}","templated":true}]}}