{"id":378,"date":"2023-04-05T02:09:51","date_gmt":"2023-04-05T02:09:51","guid":{"rendered":"https:\/\/news.marquis-magazine.com\/?page_id=378"},"modified":"2023-05-02T07:29:42","modified_gmt":"2023-05-02T07:29:42","slug":"impressum","status":"publish","type":"page","link":"https:\/\/news.marquis-magazine.com\/de\/impressum","title":{"rendered":"Impressum\/Imprint"},"content":{"rendered":"<p>U-Line UG (haftungsbeschr\u00e4nkt)<br>Neudorf 6<br>64756 Mossautal<\/p>\n\n\n\n<p><strong>vertr. d. d. Gesch\u00e4ftsf\u00fchrer Andreas Reichardt<\/strong><\/p>\n\n\n\n<p><strong>Telefon: +49 6062 9467080<\/strong><\/p>\n\n\n\n<p><strong>E-Mail: info@marquis-magazine.com<\/strong><\/p>\n\n\n\n<p><strong>USt-IdNr.: DE271064657<\/strong><\/p>\n\n\n\n<p><strong>eingetragen im Handelsregister des Amtsgerichtes Darmstadt<\/strong><\/p>\n\n\n\n<p><strong>Handelsregisternummer HRB 90976<\/strong><\/p>\n\n\n\n<p><strong>Inhaltlich Verantwortlicher gem\u00e4\u00df \u00a7 18 Abs. 2 MStV:<\/strong><br>Herr&nbsp;Andreas&nbsp;Reichardt<br>Neudorf 6<br>64756&nbsp;Mossautal<br>Deutschland<br><br><br><br><strong>Alternative Streitbeilegung:<\/strong><br>Die Europ\u00e4ische Kommission stellt eine Plattform f\u00fcr die au\u00dfergerichtliche Online-Streitbeilegung (OS-Plattform) bereit, aufrufbar unter&nbsp;<a rel=\"noreferrer noopener\" href=\"https:\/\/ec.europa.eu\/consumers\/odr\" target=\"_blank\">https:\/\/ec.europa.eu\/odr<\/a>.<br><br><strong>Jugendschutzbeauftragte gem\u00e4\u00df \u00a7 7 Abs. 1 JMStV<\/strong><br><br><strong>Cornelia Huck und Christian Leopold<\/strong><br><br>H\u00e4ndlerbund Management AG<br>vertreten durch den Vorstand:<br>Tim Arlt, Vorstandsvorsitzender (CEO)<br>Andreas Arlt (Chairman)<br>Torgauer Stra\u00dfe 233,&nbsp;Arcus Park<br>04347 Leipzig<br>Deutschland<br>Telefon: 0049 341 &#8211; 92 65 90<br>Telefax: 0049 341 &#8211; 92 65 9100<br>E-Mail: cornelia.huck@haendlerbund.de<br>E-Mail: christian.leopold@haendlerbund.de<br>Internet:&nbsp;<a href=\"http:\/\/www.haendlerbund.de\/\">www.haendlerbund.de<\/a><br>eingetragen im Handelsregister des Amtsgerichtes Leipzig<br>Handelsregisternummer HRB 26667<br><br><strong>Wir sind seit&nbsp;<\/strong><strong>02.11.2020&nbsp;<\/strong><strong>Mitglied der Initiative &#8220;FairCommerce&#8221;.<\/strong><br>N\u00e4here Informationen hierzu finden Sie unter&nbsp;<a rel=\"noreferrer noopener\" href=\"https:\/\/www.haendlerbund.de\/de\/haendlerbund\/interessenvertretung\/faircommerce\" target=\"_blank\">www.haendlerbund.de\/faircommerce<\/a>.<\/p>","protected":false},"excerpt":{"rendered":"<p>U-Line UG (haftungsbeschr\u00e4nkt)Neudorf 664756 Mossautal vertr. d. d. Gesch\u00e4ftsf\u00fchrer Andreas Reichardt Telefon: +49 6062 9467080 E-Mail: info@marquis-magazine.com USt-IdNr.: DE271064657 eingetragen im Handelsregister des Amtsgerichtes Darmstadt Handelsregisternummer HRB 90976 Inhaltlich Verantwortlicher gem\u00e4\u00df \u00a7 18 Abs. 2 MStV:Herr&nbsp;Andreas&nbsp;ReichardtNeudorf 664756&nbsp;MossautalDeutschland Alternative Streitbeilegung:Die Europ\u00e4ische Kommission stellt eine Plattform f\u00fcr die au\u00dfergerichtliche Online-Streitbeilegung (OS-Plattform) bereit, aufrufbar unter&nbsp;https:\/\/ec.europa.eu\/odr. Jugendschutzbeauftragte gem\u00e4\u00df \u00a7 [&hellip;]<\/p>\n","protected":false},"author":1,"featured_media":0,"parent":0,"menu_order":0,"comment_status":"closed","ping_status":"closed","template":"","meta":{"footnotes":""},"class_list":["post-378","page","type-page","status-publish","hentry"],"_links":{"self":[{"href":"https:\/\/news.marquis-magazine.com\/de\/wp-json\/wp\/v2\/pages\/378","targetHints":{"allow":["GET"]}}],"collection":[{"href":"https:\/\/news.marquis-magazine.com\/de\/wp-json\/wp\/v2\/pages"}],"about":[{"href":"https:\/\/news.marquis-magazine.com\/de\/wp-json\/wp\/v2\/types\/page"}],"author":[{"embeddable":true,"href":"https:\/\/news.marquis-magazine.com\/de\/wp-json\/wp\/v2\/users\/1"}],"replies":[{"embeddable":true,"href":"https:\/\/news.marquis-magazine.com\/de\/wp-json\/wp\/v2\/comments?post=378"}],"version-history":[{"count":5,"href":"https:\/\/news.marquis-magazine.com\/de\/wp-json\/wp\/v2\/pages\/378\/revisions"}],"predecessor-version":[{"id":416,"href":"https:\/\/news.marquis-magazine.com\/de\/wp-json\/wp\/v2\/pages\/378\/revisions\/416"}],"wp:attachment":[{"href":"https:\/\/news.marquis-magazine.com\/de\/wp-json\/wp\/v2\/media?parent=378"}],"curies":[{"name":"wp","href":"https:\/\/api.w.org\/{rel}","templated":true}]}}